{"id":3,"date":"2021-05-12T15:42:17","date_gmt":"2021-05-12T13:42:17","guid":{"rendered":"https:\/\/robmexgmbh.de\/?page_id=3"},"modified":"2024-01-31T17:04:31","modified_gmt":"2024-01-31T16:04:31","slug":"gdpr","status":"publish","type":"page","link":"https:\/\/robmexgmbh.de\/sk\/gdpr\/","title":{"rendered":"GDPR"},"content":{"rendered":"\t\t<div data-elementor-type=\"wp-page\" data-elementor-id=\"3\" class=\"elementor elementor-3\" data-elementor-post-type=\"page\">\n\t\t\t\t\t\t\t\t\t<section class=\"elementor-section elementor-top-section elementor-element elementor-element-d2cf397 elementor-section-boxed elementor-section-height-default elementor-section-height-default\" data-id=\"d2cf397\" data-element_type=\"section\">\n\t\t\t\t\t\t<div class=\"elementor-container elementor-column-gap-default\">\n\t\t\t\t\t<div class=\"elementor-column elementor-col-100 elementor-top-column elementor-element elementor-element-6bf756c\" data-id=\"6bf756c\" data-element_type=\"column\">\n\t\t\t<div class=\"elementor-widget-wrap elementor-element-populated\">\n\t\t\t\t\t\t\t\t<div class=\"elementor-element elementor-element-77573f2 elementor-widget elementor-widget-text-editor\" data-id=\"77573f2\" data-element_type=\"widget\" data-widget_type=\"text-editor.default\">\n\t\t\t\t<div class=\"elementor-widget-container\">\n\t\t\t\t\t\t\t<p>Spolo\u010dnos\u0165 Robmex Gmbh<br \/>Windm\u00fchlenstr. 7, 012 57 Dresden, Handelsregister Nummer-HRB 44453, Steuernummer:\u00a0 319\/5745\/5676, (\u010falej len \u201eprev\u00e1dzkovate\u013e\u201c) jasne prehlasuje, ako spracov\u00e1vame Va\u0161e osobn\u00e9 \u00fadaje v s\u00falade s NARIADEN\u00cdM EUROPSK\u00c9HO PARLAMENTU A RADY (EU) 2016\/679, o ochrane fyzick\u00fdch os\u00f4b v s\u00favislosti so spracovan\u00edm osobn\u00fdch \u00fadajov a o vo\u013enom pohybe t\u00fdchto \u00fadajov a o zru\u0161en\u00ed smernice 95\/46\/ES, v\u0161eobecn\u00e9 nariadenie o ochrane osobn\u00fdch \u00fadajov (\u010falej len ako \u201eGDPR\u201c).<\/p><p><b>Ak\u00e9 typy \u00fadajov spracov\u00e1vame?<\/b><br \/>Spracov\u00e1vame va\u0161e osobn\u00e9 \u00fadaje, ktor\u00e9 n\u00e1m poskytnete dobrovo\u013ene, ak sa na n\u00e1s obr\u00e1tite s ot\u00e1zkou, \u010di dopytom na slu\u017ebu, alebo tovar prostredn\u00edctvom kontaktn\u00e9ho formul\u00e1ru. Bez uvedenia povinn\u00fdch \u00fadajov v kontaktnom formul\u00e1ri, nie je mo\u017en\u00e9 vybavi\u0165 va\u0161u po\u017eiadavku.<br \/>Konkr\u00e9tne \u00fadaje, ktor\u00e9 od V\u00e1s \u017eiadame:<\/p><ul><li aria-level=\"1\">\u00a0Emailov\u00e1 adresa (povinn\u00fd \u00fadaj)<\/li><li aria-level=\"1\">\u00a0Meno (povinn\u00fd \u00fadaj)<\/li><li aria-level=\"1\">\u00a0Telef\u00f3nne \u010d\u00edslo ( dobrovo\u013en\u00fd \u00fadaj)<\/li><\/ul><p><b>Kateg\u00f3rie pr\u00edjemcov osobn\u00fdch \u00fadajov<\/b><br \/>A. Kontaktn\u00fd formul\u00e1r<br \/>Va\u0161e osobn\u00e9 \u00fadaje s\u00fa poskytnut\u00e9 nasleduj\u00facim kateg\u00f3ri\u00e1m:<br \/>Pr\u00edjemca v \u010dlenskom \u0161t\u00e1te (E\u00da a EHP)<\/p><ul><li aria-level=\"1\">Poskytovate\u013e webhostingu za \u00fa\u010delom uchov\u00e1vania a z\u00e1lohovania \u00fadajov<\/li><li aria-level=\"1\">Poskytovate\u013e IT servisu\/\u00fadr\u017eby (len k nahliadnutiu)<\/li><\/ul><p>Prev\u00e1dzkovate\u013e nem\u00e1 v \u00famysle odovzda\u0165 osobn\u00e9 \u00fadaje do tretej krajiny (do krajiny mimo EU) alebo medzin\u00e1rodnej organiz\u00e1cii.<br \/>B. Cookies<br \/>Va\u0161e osobn\u00e9 \u00fadaje m\u00f4\u017eu by\u0165 poskytnut\u00e9 nasleduj\u00facim kateg\u00f3ri\u00e1m:<br \/>Pr\u00edjemca v \u010dlenskom \u0161t\u00e1te (E\u00da a EHP)<\/p><ul><li aria-level=\"1\">Poskytovate\u013e webhostingu za \u00fa\u010delom uchov\u00e1vania a z\u00e1lohovania \u00fadajov<\/li><li aria-level=\"1\">Poskytovate\u013e IT servisu\/\u00fadr\u017eby (len k nahliadnutiu)<\/li><li aria-level=\"1\">Poskytovate\u013e trackovac\u00edch slu\u017eieb za \u00fa\u010delom skvalit\u0148ovania slu\u017eieb<\/li><\/ul><p>Prev\u00e1dzkovate\u013e nem\u00e1 v \u00famysle odovzda\u0165 osobn\u00e9 \u00fadaje do tretej krajiny (do krajiny mimo EU) alebo medzin\u00e1rodnej organiz\u00e1cii.<\/p><p><b>\u00da\u010del spracovania osobn\u00fdch \u00fadajov<\/b><br \/>A. Kontaktn\u00fd formul\u00e1r<\/p><p>Osobn\u00e9 \u00fadaje uveden\u00e9 v kontaktnom formul\u00e1ri s\u00fa spracov\u00e1van\u00e9 za \u00fa\u010delom sp\u00e4tn\u00e9ho kontaktovania a odpovede na Va\u0161u spr\u00e1vu.<br \/>B. Cookies<br \/>V\u010faka cookies si nav\u0161t\u00edven\u00e9 webov\u00e9 str\u00e1nky pam\u00e4taj\u00fa va\u0161e \u00fakony a nastavenia, ktor\u00e9 ste na nich previedli, tak\u017ee tieto \u00fadaje nemus\u00edte zad\u00e1va\u0165 opakovane, zlep\u0161uj\u00fa a zjednodu\u0161uj\u00fa Va\u0161u n\u00e1v\u0161tevu webu .Str\u00e1nky m\u00f4\u017eete pou\u017e\u00edva\u0165 a prehliada\u0165 bez toho, aby ste n\u00e1s informovali o tom, kto ste a nemus\u00edte n\u00e1m poskytova\u0165 nejak\u00e9 osobn\u00e9 \u00fadaje.<\/p><p><b>Ak\u00e9 cookies spracov\u00e1vame?<\/b><\/p><p>Cookies je mal\u00fd textov\u00fd s\u00fabor, ktor\u00fd sa ulo\u017e\u00ed vo va\u0161om po\u010d\u00edta\u010di alebo mobilnom zariaden\u00ed a\u00a0je op\u00e4\u0165 pou\u017e\u00edvan\u00fd behom va\u0161ich \u010fal\u0161\u00edch n\u00e1v\u0161tev. Cookies je ulo\u017een\u00e9 na pevnom disku vo va\u0161om po\u010d\u00edta\u010di a nie na str\u00e1nke. Vyu\u017e\u00edvame cookies ako \u0161tandardn\u00fd n\u00e1stroj na ukladanie inform\u00e1ci\u00ed o tom, ako s\u00fa na\u0161e str\u00e1nky vyu\u017e\u00edvan\u00e9. Dok\u00e1\u017eeme t\u00fdm odl\u00ed\u0161i\u0165 (nie v\u0161ak identifikova\u0165) jednotliv\u00fdch u\u017e\u00edvate\u013eov od seba a prisp\u00f4sobi\u0165 obsah konkr\u00e9tnym preferenci\u00e1m.<\/p><p>Analytick\u00e9 cookies zhroma\u017e\u010fuj\u00fa inform\u00e1cie o\u00a0pou\u017eivan\u00ed na\u0161ej webovej str\u00e1nky. Na na\u0161om webovej str\u00e1nke s\u00fa zhroma\u017e\u010fovan\u00e9 skriptom spolo\u010dnosti Google Inc., ktor\u00e1 n\u00e1sledne tieto d\u00e1ta anonymizuje. Po anonymiz\u00e1cii u\u017e nejde o osobn\u00e9 \u00fadaje, preto\u017ee anonymizovan\u00e9 cookies nemo\u017eno priradi\u0165 konkr\u00e9tnemu pou\u017e\u00edvate\u013eovi, resp. konkr\u00e9tnej osobe. My pracujeme len s cookies v anonymizovanej podobe. Tieto inform\u00e1cie zahr\u0148uj\u00fa typ internetov\u00e9ho prehliada\u010da a\u00a0opera\u010dn\u00e9ho syst\u00e9mu, IP Adresu, miesto a\u00a0\u010das a meranie n\u00e1v\u0161tevnosti webu.<\/p><p><b>Ako odmietnu\u0165 pou\u017e\u00edvanie s\u00faborov cookie<\/b><\/p><p>Pou\u017e\u00edvanie s\u00faborov cookie je mo\u017en\u00e9 nastavi\u0165 pomocou V\u00e1\u0161ho internetov\u00e9ho prehliada\u010da. V\u00e4\u010d\u0161ina prehliada\u010dov s\u00fabory cookie automaticky prij\u00edma u\u017e v \u00favodnom nastaven\u00ed.\u00a0S\u00fahlas s\u00a0pou\u017e\u00edvan\u00edm cookies je mo\u017en\u00e9 vzia\u0165 kedyko\u013evek sp\u00e4\u0165, a to pomocou zmeny nastavenia pr\u00edslu\u0161n\u00e9ho internetov\u00e9ho prehliada\u010da.<\/p><p><b>Va\u0161e pr\u00e1va a\u00a0mo\u017enosti<\/b><\/p><p>Dotknut\u00e1 osoba m\u00e1 pr\u00e1vo po\u017eadova\u0165 od prev\u00e1dzkovate\u013ea pr\u00edstup k osobn\u00fdm \u00fadajom t\u00fdkaj\u00facich sa dotknutej osoby (\u00a7 21), pr\u00e1vo na opravu O\u00da (\u00a7 22), pr\u00e1vo na vymazanie O\u00da (\u00a7 23), pr\u00e1vo na obmedzenie sprac\u00favania O\u00da (\u00a7 24), pr\u00e1vo na prenosnos\u0165 O\u00da (\u00a7 26), pr\u00e1vo namieta\u0165 sprac\u00favanie O\u00da (\u00a7 27) a pr\u00e1vo poda\u0165 n\u00e1vrh na za\u010datie konania pod\u013ea \u00a7 100 z\u00e1kona.<\/p><p>Pr\u00e1vo na pr\u00edstup:<\/p><p>Ak chcete z\u00edska\u0165 \u010fal\u0161ie inform\u00e1cie o sp\u00f4sobe sprac\u00favania osobn\u00fdch \u00fadajov, m\u00e1te pr\u00e1vo po\u017eiada\u0165 spolo\u010dnos\u0165 A\u00a0Keramika Bardejov s.r.o., o vydanie potvrdenia o tom, \u010di spolo\u010dnos\u0165 A\u00a0Keramika Bardejov s.r.o. sprac\u00fava osobn\u00e9 \u00fadaje, ktor\u00e9 sa V\u00e1s t\u00fdkaj\u00fa.<\/p><p>Pr\u00e1vo na opravu:<br \/>Kedyko\u013evek m\u00e1te pr\u00e1vo po\u017eiada\u0165 o opravu svojich osobn\u00fdch \u00fadajov, ak s\u00fa nespr\u00e1vne. V r\u00e1mci uveden\u00e9ho \u00fa\u010delu m\u00e1te takisto pr\u00e1vo na doplnenie ak\u00fdchko\u013evek ne\u00fapln\u00fdch osobn\u00fdch \u00fadajov.<\/p><p>Pr\u00e1vo na v\u00fdmaz:<br \/>M\u00e1te pr\u00e1vo po\u017eiada\u0165 o vymazanie osobn\u00fdch \u00fadajov, ktor\u00e9 o v\u00e1s sprac\u00favame, a to v t\u00fdchto pr\u00edpadoch:<br \/>\u25cf \u00fadaje u\u017e nie s\u00fa potrebn\u00e9 na \u00fa\u010del, na ktor\u00fd boli z\u00edskan\u00e9 alebo sprac\u00favan\u00e9;<br \/>\u25cf odvolali ste svoj s\u00fahlas, na z\u00e1klade ktor\u00e9ho sa sprac\u00favanie vykon\u00e1va, a na sprac\u00favanie neexistuje \u017eiadny \u010fal\u0161\u00ed pr\u00e1vny z\u00e1klad;<br \/>\u25cf m\u00e1te n\u00e1mietky vo\u010di sprac\u00favaniu va\u0161ich osobn\u00fdch \u00fadajov na \u00fa\u010dely priameho marketingu;<br \/>\u25cf osobn\u00e9 \u00fadaje je potrebn\u00e9 vymaza\u0165, aby bol zachovan\u00fd s\u00falad so z\u00e1konnou povinnos\u0165ou, ktor\u00e1 sa na n\u00e1s vz\u0165ahuje;<br \/>\u25cf boli zhroma\u017eden\u00e9 osobn\u00e9 \u00fadaje die\u0165a\u0165a (osoby mlad\u0161ej ako 16 rokov), za ktor\u00e9 nesiete zodpovednos\u0165 ako z\u00e1konn\u00fd z\u00e1stupca t\u00fdkaj\u00facu sa pou\u017e\u00edvania IT slu\u017eieb.<\/p><p>Pr\u00e1vo na obmedzenie:<br \/>M\u00e1te pr\u00e1vo po\u017eiada\u0165, aby bolo sprac\u00favanie va\u0161ich osobn\u00fdch \u00fadajov do ur\u010ditej miery obmedzen\u00e9 a to, ak namietate spr\u00e1vnos\u0165 va\u0161ich osobn\u00fdch ,ak je sprac\u00favanie osobn\u00fdch \u00fadajov nez\u00e1konn\u00e9, namietate v\u00fdmaz a \u017eiadate namiesto toho obmedzenie ich pou\u017eitia.<\/p><p>Pr\u00e1vo namieta\u0165:<br \/>Ak m\u00e1te osobn\u00e9 d\u00f4vody t\u00fdkaj\u00face sa va\u0161ej konkr\u00e9tnej situ\u00e1cie, m\u00e1te pr\u00e1vo namieta\u0165 proti sprac\u00favaniu va\u0161ich osobn\u00fdch \u00fadajov, ak je pr\u00e1vnym z\u00e1kladom pre tak\u00e9 sprac\u00favanie n\u00e1\u0161 opr\u00e1vnen\u00fd z\u00e1ujem.<\/p><p>Pr\u00e1vo na prenosnos\u0165 osobn\u00fdch \u00fadajov:<br \/>Ak je na\u0161e pr\u00e1vo na sprac\u00favanie va\u0161ich osobn\u00fdch \u00fadajov zalo\u017een\u00e9 na va\u0161om s\u00fahlase, m\u00e1te pr\u00e1vo po\u017eiada\u0165 o prenos \u00fadajov, ktor\u00e9 sa v\u00e1s t\u00fdkaj\u00fa a ktor\u00e9 ste n\u00e1m poskytli, in\u00e9mu prev\u00e1dzkovate\u013eovi osobn\u00fdch \u00fadajov (napr. d\u00e1tov\u00e1 br\u00e1na).<\/p><p>S\u0165a\u017enosti<br \/>M\u00e1te pr\u00e1vo poda\u0165 s\u0165a\u017enos\u0165 na \u00darad na ochranu osobn\u00fdch \u00fadajov Slovenskej republiky (<a href=\"http:\/\/www.dataprotection.gov.sk\/\">www.dataprotection.gov.sk<\/a>).<\/p><p><b>Prev\u00e1dzkovate\u013e vyhlasuje, \u017ee pri sprac\u00favan\u00ed O\u00da sa dodr\u017eiavaj\u00fa z\u00e1sady a podmienky sprac\u00favania osobn\u00fdch \u00fadajov z\u00e1kona:<\/b><\/p><ul><li aria-level=\"1\">z\u00e1sada z\u00e1konnosti \u00a7 6<\/li><li aria-level=\"1\">z\u00e1sada obmedzenia \u00fa\u010delu \u00a77<\/li><li aria-level=\"1\">z\u00e1sada minimaliz\u00e1cie O\u00da \u00a7 8<\/li><li aria-level=\"1\">z\u00e1sada spr\u00e1vnosti \u00a7 9<\/li><li aria-level=\"1\">z\u00e1sada minimaliz\u00e1cie uchov\u00e1vania \u00a7 10<\/li><li aria-level=\"1\">z\u00e1sada integrity a d\u00f4vernosti \u00a7 11<\/li><li aria-level=\"1\">z\u00e1sada zodpovednosti \u00a7 12<\/li><li aria-level=\"1\">podmienky poskytnutia s\u00fahlasu so sprac\u00favan\u00edm O\u00da<\/li><li aria-level=\"1\">podmienky poskytnutia s\u00fahlasu v s\u00favislosti so slu\u017ebami informa\u010dnej spolo\u010dnosti<\/li><\/ul><p><b>Kontaktn\u00e9 \u00fadaje<\/b><br \/>Ak chcete z\u00edska\u0165 \u010fal\u0161ie inform\u00e1cie o sprac\u00favan\u00ed osobn\u00fdch \u00fadajov alebo ak m\u00e1te nejak\u00e9 ot\u00e1zky, m\u00f4\u017eete sa na n\u00e1s kedyko\u013evek obr\u00e1ti\u0165 na adrese:<\/p><p>Kontaktn\u00e1 osoba:<\/p><p>Meno a priezvisko: Martin Ba\u010da, \u013dubo\u0161 Mihok<\/p><p>Telef\u00f3n: +49 176 73846804<\/p><p>Mail: <a href=\"mailto:info@robmexgmbh.de\">info@robmexgmbh.de<\/a><\/p><p><b>Zmeny z\u00e1sad<\/b><br \/>Tieto z\u00e1sady ochrany \u00fadajov m\u00f4\u017eeme aktualizova\u0165 s cie\u013eom opravi\u0165 nezrovnalosti alebo zachova\u0165 s\u00falad s nov\u00fdmi z\u00e1konn\u00fdmi alebo technologick\u00fdmi po\u017eiadavkami.<\/p>\t\t\t\t\t\t<\/div>\n\t\t\t\t<\/div>\n\t\t\t\t\t<\/div>\n\t\t<\/div>\n\t\t\t\t\t\t\t<\/div>\n\t\t<\/section>\n\t\t\t\t\t\t\t<\/div>\n\t\t","protected":false},"excerpt":{"rendered":"<p>Spolo\u010dnos\u0165 Robmex Gmbh Windm\u00fchlenstr. 7, 012 57 Dresden, Handelsregister Nummer-HRB 44453, Steuernummer:\u00a0 319\/5745\/5676, (\u010falej len \u201eprev\u00e1dzkovate\u013e\u201c) jasne prehlasuje, ako spracov\u00e1vame Va\u0161e osobn\u00e9 \u00fadaje v s\u00falade s NARIADEN\u00cdM EUROPSK\u00c9HO PARLAMENTU A RADY (EU) 2016\/679, o ochrane fyzick\u00fdch os\u00f4b v s\u00favislosti so spracovan\u00edm osobn\u00fdch \u00fadajov a o vo\u013enom pohybe t\u00fdchto \u00fadajov a o zru\u0161en\u00ed smernice 95\/46\/ES, v\u0161eobecn\u00e9 [&hellip;]<\/p>\n","protected":false},"author":1,"featured_media":0,"parent":0,"menu_order":0,"comment_status":"closed","ping_status":"open","template":"","meta":{"footnotes":""},"class_list":["post-3","page","type-page","status-publish","hentry"],"yoast_head":"<!-- This site is optimized with the Yoast SEO plugin v21.8.1 - https:\/\/yoast.com\/wordpress\/plugins\/seo\/ -->\n<title>GDPR - Robmexgmbh.de<\/title>\n<meta name=\"robots\" content=\"index, follow, max-snippet:-1, max-image-preview:large, max-video-preview:-1\" \/>\n<link rel=\"canonical\" href=\"https:\/\/robmexgmbh.de\/sk\/gdpr\/\" \/>\n<meta property=\"og:locale\" content=\"sk_SK\" \/>\n<meta property=\"og:type\" content=\"article\" \/>\n<meta property=\"og:title\" content=\"GDPR - Robmexgmbh.de\" \/>\n<meta property=\"og:description\" content=\"Spolo\u010dnos\u0165 Robmex Gmbh Windm\u00fchlenstr. 7, 012 57 Dresden, Handelsregister Nummer-HRB 44453, Steuernummer:\u00a0 319\/5745\/5676, (\u010falej len \u201eprev\u00e1dzkovate\u013e\u201c) jasne prehlasuje, ako spracov\u00e1vame Va\u0161e osobn\u00e9 \u00fadaje v s\u00falade s NARIADEN\u00cdM EUROPSK\u00c9HO PARLAMENTU A RADY (EU) 2016\/679, o ochrane fyzick\u00fdch os\u00f4b v s\u00favislosti so spracovan\u00edm osobn\u00fdch \u00fadajov a o vo\u013enom pohybe t\u00fdchto \u00fadajov a o zru\u0161en\u00ed smernice 95\/46\/ES, v\u0161eobecn\u00e9 [&hellip;]\" \/>\n<meta property=\"og:url\" content=\"https:\/\/robmexgmbh.de\/sk\/gdpr\/\" \/>\n<meta property=\"og:site_name\" content=\"Robmexgmbh.de\" \/>\n<meta property=\"article:modified_time\" content=\"2024-01-31T16:04:31+00:00\" \/>\n<meta name=\"twitter:card\" content=\"summary_large_image\" \/>\n<meta name=\"twitter:label1\" content=\"Predpokladan\u00fd \u010das \u010d\u00edtania\" \/>\n\t<meta name=\"twitter:data1\" content=\"6 min\u00fat\" \/>\n<script type=\"application\/ld+json\" class=\"yoast-schema-graph\">{\"@context\":\"https:\/\/schema.org\",\"@graph\":[{\"@type\":\"WebPage\",\"@id\":\"https:\/\/robmexgmbh.de\/sk\/gdpr\/\",\"url\":\"https:\/\/robmexgmbh.de\/sk\/gdpr\/\",\"name\":\"GDPR - Robmexgmbh.de\",\"isPartOf\":{\"@id\":\"https:\/\/robmexgmbh.de\/sk\/#website\"},\"datePublished\":\"2021-05-12T13:42:17+00:00\",\"dateModified\":\"2024-01-31T16:04:31+00:00\",\"breadcrumb\":{\"@id\":\"https:\/\/robmexgmbh.de\/sk\/gdpr\/#breadcrumb\"},\"inLanguage\":\"sk-SK\",\"potentialAction\":[{\"@type\":\"ReadAction\",\"target\":[\"https:\/\/robmexgmbh.de\/sk\/gdpr\/\"]}]},{\"@type\":\"BreadcrumbList\",\"@id\":\"https:\/\/robmexgmbh.de\/sk\/gdpr\/#breadcrumb\",\"itemListElement\":[{\"@type\":\"ListItem\",\"position\":1,\"name\":\"Domovsk\u00e1 str\u00e1nka\",\"item\":\"https:\/\/robmexgmbh.de\/sk\/\"},{\"@type\":\"ListItem\",\"position\":2,\"name\":\"GDPR\"}]},{\"@type\":\"WebSite\",\"@id\":\"https:\/\/robmexgmbh.de\/sk\/#website\",\"url\":\"https:\/\/robmexgmbh.de\/sk\/\",\"name\":\"Robmexgmbh.de\",\"description\":\"\",\"publisher\":{\"@id\":\"https:\/\/robmexgmbh.de\/sk\/#organization\"},\"potentialAction\":[{\"@type\":\"SearchAction\",\"target\":{\"@type\":\"EntryPoint\",\"urlTemplate\":\"https:\/\/robmexgmbh.de\/sk\/?s={search_term_string}\"},\"query-input\":\"required name=search_term_string\"}],\"inLanguage\":\"sk-SK\"},{\"@type\":\"Organization\",\"@id\":\"https:\/\/robmexgmbh.de\/sk\/#organization\",\"name\":\"Robmexgmbh.de\",\"url\":\"https:\/\/robmexgmbh.de\/sk\/\",\"logo\":{\"@type\":\"ImageObject\",\"inLanguage\":\"sk-SK\",\"@id\":\"https:\/\/robmexgmbh.de\/sk\/#\/schema\/logo\/image\/\",\"url\":\"https:\/\/robmexgmbh.de\/wp-content\/uploads\/2024\/01\/logo.png\",\"contentUrl\":\"https:\/\/robmexgmbh.de\/wp-content\/uploads\/2024\/01\/logo.png\",\"width\":280,\"height\":54,\"caption\":\"Robmexgmbh.de\"},\"image\":{\"@id\":\"https:\/\/robmexgmbh.de\/sk\/#\/schema\/logo\/image\/\"}}]}<\/script>\n<!-- \/ Yoast SEO plugin. -->","yoast_head_json":{"title":"GDPR - Robmexgmbh.de","robots":{"index":"index","follow":"follow","max-snippet":"max-snippet:-1","max-image-preview":"max-image-preview:large","max-video-preview":"max-video-preview:-1"},"canonical":"https:\/\/robmexgmbh.de\/sk\/gdpr\/","og_locale":"sk_SK","og_type":"article","og_title":"GDPR - Robmexgmbh.de","og_description":"Spolo\u010dnos\u0165 Robmex Gmbh Windm\u00fchlenstr. 7, 012 57 Dresden, Handelsregister Nummer-HRB 44453, Steuernummer:\u00a0 319\/5745\/5676, (\u010falej len \u201eprev\u00e1dzkovate\u013e\u201c) jasne prehlasuje, ako spracov\u00e1vame Va\u0161e osobn\u00e9 \u00fadaje v s\u00falade s NARIADEN\u00cdM EUROPSK\u00c9HO PARLAMENTU A RADY (EU) 2016\/679, o ochrane fyzick\u00fdch os\u00f4b v s\u00favislosti so spracovan\u00edm osobn\u00fdch \u00fadajov a o vo\u013enom pohybe t\u00fdchto \u00fadajov a o zru\u0161en\u00ed smernice 95\/46\/ES, v\u0161eobecn\u00e9 [&hellip;]","og_url":"https:\/\/robmexgmbh.de\/sk\/gdpr\/","og_site_name":"Robmexgmbh.de","article_modified_time":"2024-01-31T16:04:31+00:00","twitter_card":"summary_large_image","twitter_misc":{"Predpokladan\u00fd \u010das \u010d\u00edtania":"6 min\u00fat"},"schema":{"@context":"https:\/\/schema.org","@graph":[{"@type":"WebPage","@id":"https:\/\/robmexgmbh.de\/sk\/gdpr\/","url":"https:\/\/robmexgmbh.de\/sk\/gdpr\/","name":"GDPR - Robmexgmbh.de","isPartOf":{"@id":"https:\/\/robmexgmbh.de\/sk\/#website"},"datePublished":"2021-05-12T13:42:17+00:00","dateModified":"2024-01-31T16:04:31+00:00","breadcrumb":{"@id":"https:\/\/robmexgmbh.de\/sk\/gdpr\/#breadcrumb"},"inLanguage":"sk-SK","potentialAction":[{"@type":"ReadAction","target":["https:\/\/robmexgmbh.de\/sk\/gdpr\/"]}]},{"@type":"BreadcrumbList","@id":"https:\/\/robmexgmbh.de\/sk\/gdpr\/#breadcrumb","itemListElement":[{"@type":"ListItem","position":1,"name":"Domovsk\u00e1 str\u00e1nka","item":"https:\/\/robmexgmbh.de\/sk\/"},{"@type":"ListItem","position":2,"name":"GDPR"}]},{"@type":"WebSite","@id":"https:\/\/robmexgmbh.de\/sk\/#website","url":"https:\/\/robmexgmbh.de\/sk\/","name":"Robmexgmbh.de","description":"","publisher":{"@id":"https:\/\/robmexgmbh.de\/sk\/#organization"},"potentialAction":[{"@type":"SearchAction","target":{"@type":"EntryPoint","urlTemplate":"https:\/\/robmexgmbh.de\/sk\/?s={search_term_string}"},"query-input":"required name=search_term_string"}],"inLanguage":"sk-SK"},{"@type":"Organization","@id":"https:\/\/robmexgmbh.de\/sk\/#organization","name":"Robmexgmbh.de","url":"https:\/\/robmexgmbh.de\/sk\/","logo":{"@type":"ImageObject","inLanguage":"sk-SK","@id":"https:\/\/robmexgmbh.de\/sk\/#\/schema\/logo\/image\/","url":"https:\/\/robmexgmbh.de\/wp-content\/uploads\/2024\/01\/logo.png","contentUrl":"https:\/\/robmexgmbh.de\/wp-content\/uploads\/2024\/01\/logo.png","width":280,"height":54,"caption":"Robmexgmbh.de"},"image":{"@id":"https:\/\/robmexgmbh.de\/sk\/#\/schema\/logo\/image\/"}}]}},"_links":{"self":[{"href":"https:\/\/robmexgmbh.de\/sk\/wp-json\/wp\/v2\/pages\/3","targetHints":{"allow":["GET"]}}],"collection":[{"href":"https:\/\/robmexgmbh.de\/sk\/wp-json\/wp\/v2\/pages"}],"about":[{"href":"https:\/\/robmexgmbh.de\/sk\/wp-json\/wp\/v2\/types\/page"}],"author":[{"embeddable":true,"href":"https:\/\/robmexgmbh.de\/sk\/wp-json\/wp\/v2\/users\/1"}],"replies":[{"embeddable":true,"href":"https:\/\/robmexgmbh.de\/sk\/wp-json\/wp\/v2\/comments?post=3"}],"version-history":[{"count":11,"href":"https:\/\/robmexgmbh.de\/sk\/wp-json\/wp\/v2\/pages\/3\/revisions"}],"predecessor-version":[{"id":860,"href":"https:\/\/robmexgmbh.de\/sk\/wp-json\/wp\/v2\/pages\/3\/revisions\/860"}],"wp:attachment":[{"href":"https:\/\/robmexgmbh.de\/sk\/wp-json\/wp\/v2\/media?parent=3"}],"curies":[{"name":"wp","href":"https:\/\/api.w.org\/{rel}","templated":true}]}}